{"id":2657,"date":"2026-03-24T13:59:37","date_gmt":"2026-03-24T13:59:37","guid":{"rendered":"https:\/\/usdailynews.net\/?page_id=2657"},"modified":"2026-03-30T11:40:46","modified_gmt":"2026-03-30T11:40:46","slug":"konkurrenca","status":"publish","type":"page","link":"https:\/\/usdailynews.net\/?page_id=2657","title":{"rendered":"KONKURRENCA"},"content":{"rendered":"\t\t<div data-elementor-type=\"wp-page\" data-elementor-id=\"2657\" class=\"elementor elementor-2657\" data-elementor-post-type=\"page\">\n\t\t\t\t<div class=\"elementor-element elementor-element-ae7419a e-flex e-con-boxed e-con e-parent\" data-id=\"ae7419a\" data-element_type=\"container\" data-e-type=\"container\">\n\t\t\t\t\t<div class=\"e-con-inner\">\n\t\t\t\t<div class=\"elementor-element elementor-element-3d5d194 elementor-widget elementor-widget-spacer\" data-id=\"3d5d194\" data-element_type=\"widget\" data-e-type=\"widget\" data-widget_type=\"spacer.default\">\n\t\t\t\t\t\t\t<div class=\"elementor-spacer\">\n\t\t\t<div class=\"elementor-spacer-inner\"><\/div>\n\t\t<\/div>\n\t\t\t\t\t\t<\/div>\n\t\t\t\t<div class=\"elementor-element elementor-element-e1bc0c5 elementor-widget elementor-widget-heading\" data-id=\"e1bc0c5\" data-element_type=\"widget\" data-e-type=\"widget\" data-widget_type=\"heading.default\">\n\t\t\t\t\t<h2 class=\"elementor-heading-title elementor-size-default\">KONKURRENCA<\/h2>\t\t\t\t<\/div>\n\t\t\t\t<div class=\"elementor-element elementor-element-e8154b6 elementor-widget elementor-widget-spacer\" data-id=\"e8154b6\" data-element_type=\"widget\" data-e-type=\"widget\" data-widget_type=\"spacer.default\">\n\t\t\t\t\t\t\t<div class=\"elementor-spacer\">\n\t\t\t<div class=\"elementor-spacer-inner\"><\/div>\n\t\t<\/div>\n\t\t\t\t\t\t<\/div>\n\t\t\t\t\t<\/div>\n\t\t\t\t<\/div>\n\t\t<div class=\"elementor-element elementor-element-73344f1 e-flex e-con-boxed e-con e-parent\" data-id=\"73344f1\" data-element_type=\"container\" data-e-type=\"container\">\n\t\t\t\t\t<div class=\"e-con-inner\">\n\t\t\t\t<div class=\"elementor-element elementor-element-7bfac07 elementor-posts--align-left elementor-grid-4 elementor-grid-tablet-2 elementor-grid-mobile-1 elementor-posts--thumbnail-top elementor-widget elementor-widget-posts\" data-id=\"7bfac07\" data-element_type=\"widget\" data-e-type=\"widget\" data-settings=\"{&quot;classic_row_gap&quot;:{&quot;unit&quot;:&quot;px&quot;,&quot;size&quot;:25,&quot;sizes&quot;:[]},&quot;classic_row_gap_mobile&quot;:{&quot;unit&quot;:&quot;px&quot;,&quot;size&quot;:23,&quot;sizes&quot;:[]},&quot;classic_columns&quot;:&quot;4&quot;,&quot;classic_columns_tablet&quot;:&quot;2&quot;,&quot;classic_columns_mobile&quot;:&quot;1&quot;,&quot;classic_row_gap_tablet&quot;:{&quot;unit&quot;:&quot;px&quot;,&quot;size&quot;:&quot;&quot;,&quot;sizes&quot;:[]}}\" data-widget_type=\"posts.classic\">\n\t\t\t\t<div class=\"elementor-widget-container\">\n\t\t\t\t\t\t\t<div class=\"elementor-posts-container elementor-posts elementor-posts--skin-classic elementor-grid\" role=\"list\">\n\t\t\t\t<article class=\"elementor-post elementor-grid-item post-3799 post type-post status-publish format-standard has-post-thumbnail hentry category-konkurrenca\" role=\"listitem\">\n\t\t\t\t<a class=\"elementor-post__thumbnail__link\" href=\"https:\/\/usdailynews.net\/?p=3799\" tabindex=\"-1\" >\n\t\t\t<div class=\"elementor-post__thumbnail\"><img fetchpriority=\"high\" decoding=\"async\" width=\"2048\" height=\"2048\" src=\"https:\/\/usdailynews.net\/wp-content\/uploads\/2026\/03\/image-1.png\" class=\"attachment-full size-full wp-image-3759\" alt=\"\" srcset=\"https:\/\/usdailynews.net\/wp-content\/uploads\/2026\/03\/image-1.png 2048w, https:\/\/usdailynews.net\/wp-content\/uploads\/2026\/03\/image-1-300x300.png 300w, https:\/\/usdailynews.net\/wp-content\/uploads\/2026\/03\/image-1-1024x1024.png 1024w, https:\/\/usdailynews.net\/wp-content\/uploads\/2026\/03\/image-1-150x150.png 150w, https:\/\/usdailynews.net\/wp-content\/uploads\/2026\/03\/image-1-768x768.png 768w, https:\/\/usdailynews.net\/wp-content\/uploads\/2026\/03\/image-1-1536x1536.png 1536w\" sizes=\"(max-width: 2048px) 100vw, 2048px\" \/><\/div>\n\t\t<\/a>\n\t\t\t\t<div class=\"elementor-post__text\">\n\t\t\t\t<h2 class=\"elementor-post__title\">\n\t\t\t<a href=\"https:\/\/usdailynews.net\/?p=3799\" >\n\t\t\t\t2 Qershor 2024\t\t\t<\/a>\n\t\t<\/h2>\n\t\t\t\t<div class=\"elementor-post__meta-data\">\n\t\t\t\t\t<span class=\"elementor-post-author\">\n\t\t\tMjellma\t\t<\/span>\n\t\t\t\t<span class=\"elementor-post-date\">\n\t\t\tApril 2, 2026\t\t<\/span>\n\t\t\t\t<\/div>\n\t\t\t\t<div class=\"elementor-post__excerpt\">\n\t\t\t<p>F\u00ebmij\u00ebt na kujtojn\u00eb form\u00ebn m\u00eb t\u00eb past\u00ebr t\u00eb lumturis\u00eb. E p\u00ebr t\u2019ua shtuar atyre g\u00ebzimin<\/p>\n\t\t<\/div>\n\t\t\n\t\t<a class=\"elementor-post__read-more\" href=\"https:\/\/usdailynews.net\/?p=3799\" aria-label=\"Read more about 2 Qershor 2024\" tabindex=\"-1\" >\n\t\t\tLexo m\u00eb shum\u00eb\t\t<\/a>\n\n\t\t\t\t<\/div>\n\t\t\t\t<\/article>\n\t\t\t\t<article class=\"elementor-post elementor-grid-item post-3795 post type-post status-publish format-standard has-post-thumbnail hentry category-konkurrenca\" role=\"listitem\">\n\t\t\t\t<a class=\"elementor-post__thumbnail__link\" href=\"https:\/\/usdailynews.net\/?p=3795\" tabindex=\"-1\" >\n\t\t\t<div class=\"elementor-post__thumbnail\"><img fetchpriority=\"high\" decoding=\"async\" width=\"2048\" height=\"2048\" src=\"https:\/\/usdailynews.net\/wp-content\/uploads\/2026\/03\/image-1.png\" class=\"attachment-full size-full wp-image-3759\" alt=\"\" srcset=\"https:\/\/usdailynews.net\/wp-content\/uploads\/2026\/03\/image-1.png 2048w, https:\/\/usdailynews.net\/wp-content\/uploads\/2026\/03\/image-1-300x300.png 300w, https:\/\/usdailynews.net\/wp-content\/uploads\/2026\/03\/image-1-1024x1024.png 1024w, https:\/\/usdailynews.net\/wp-content\/uploads\/2026\/03\/image-1-150x150.png 150w, https:\/\/usdailynews.net\/wp-content\/uploads\/2026\/03\/image-1-768x768.png 768w, https:\/\/usdailynews.net\/wp-content\/uploads\/2026\/03\/image-1-1536x1536.png 1536w\" sizes=\"(max-width: 2048px) 100vw, 2048px\" \/><\/div>\n\t\t<\/a>\n\t\t\t\t<div class=\"elementor-post__text\">\n\t\t\t\t<h2 class=\"elementor-post__title\">\n\t\t\t<a href=\"https:\/\/usdailynews.net\/?p=3795\" >\n\t\t\t\t2 Qershor 2024\t\t\t<\/a>\n\t\t<\/h2>\n\t\t\t\t<div class=\"elementor-post__meta-data\">\n\t\t\t\t\t<span class=\"elementor-post-author\">\n\t\t\tMjellma\t\t<\/span>\n\t\t\t\t<span class=\"elementor-post-date\">\n\t\t\tApril 2, 2026\t\t<\/span>\n\t\t\t\t<\/div>\n\t\t\t\t<div class=\"elementor-post__excerpt\">\n\t\t\t<p>F\u00ebmij\u00ebt na kujtojn\u00eb form\u00ebn m\u00eb t\u00eb past\u00ebr t\u00eb lumturis\u00eb. E p\u00ebr t\u2019ua shtuar atyre g\u00ebzimin<\/p>\n\t\t<\/div>\n\t\t\n\t\t<a class=\"elementor-post__read-more\" href=\"https:\/\/usdailynews.net\/?p=3795\" aria-label=\"Read more about 2 Qershor 2024\" tabindex=\"-1\" >\n\t\t\tLexo m\u00eb shum\u00eb\t\t<\/a>\n\n\t\t\t\t<\/div>\n\t\t\t\t<\/article>\n\t\t\t\t<article class=\"elementor-post elementor-grid-item post-3793 post type-post status-publish format-standard has-post-thumbnail hentry category-konkurrenca\" role=\"listitem\">\n\t\t\t\t<a class=\"elementor-post__thumbnail__link\" href=\"https:\/\/usdailynews.net\/?p=3793\" tabindex=\"-1\" >\n\t\t\t<div class=\"elementor-post__thumbnail\"><img fetchpriority=\"high\" decoding=\"async\" width=\"2048\" height=\"2048\" src=\"https:\/\/usdailynews.net\/wp-content\/uploads\/2026\/03\/image-1.png\" class=\"attachment-full size-full wp-image-3759\" alt=\"\" srcset=\"https:\/\/usdailynews.net\/wp-content\/uploads\/2026\/03\/image-1.png 2048w, https:\/\/usdailynews.net\/wp-content\/uploads\/2026\/03\/image-1-300x300.png 300w, https:\/\/usdailynews.net\/wp-content\/uploads\/2026\/03\/image-1-1024x1024.png 1024w, https:\/\/usdailynews.net\/wp-content\/uploads\/2026\/03\/image-1-150x150.png 150w, https:\/\/usdailynews.net\/wp-content\/uploads\/2026\/03\/image-1-768x768.png 768w, https:\/\/usdailynews.net\/wp-content\/uploads\/2026\/03\/image-1-1536x1536.png 1536w\" sizes=\"(max-width: 2048px) 100vw, 2048px\" \/><\/div>\n\t\t<\/a>\n\t\t\t\t<div class=\"elementor-post__text\">\n\t\t\t\t<h2 class=\"elementor-post__title\">\n\t\t\t<a href=\"https:\/\/usdailynews.net\/?p=3793\" >\n\t\t\t\t2 Qershor 2024\t\t\t<\/a>\n\t\t<\/h2>\n\t\t\t\t<div class=\"elementor-post__meta-data\">\n\t\t\t\t\t<span class=\"elementor-post-author\">\n\t\t\tMjellma\t\t<\/span>\n\t\t\t\t<span class=\"elementor-post-date\">\n\t\t\tApril 2, 2026\t\t<\/span>\n\t\t\t\t<\/div>\n\t\t\t\t<div class=\"elementor-post__excerpt\">\n\t\t\t<p>F\u00ebmij\u00ebt na kujtojn\u00eb form\u00ebn m\u00eb t\u00eb past\u00ebr t\u00eb lumturis\u00eb. E p\u00ebr t\u2019ua shtuar atyre g\u00ebzimin<\/p>\n\t\t<\/div>\n\t\t\n\t\t<a class=\"elementor-post__read-more\" href=\"https:\/\/usdailynews.net\/?p=3793\" aria-label=\"Read more about 2 Qershor 2024\" tabindex=\"-1\" >\n\t\t\tLexo m\u00eb shum\u00eb\t\t<\/a>\n\n\t\t\t\t<\/div>\n\t\t\t\t<\/article>\n\t\t\t\t<\/div>\n\t\t\n\t\t\t\t\t\t<\/div>\n\t\t\t\t<\/div>\n\t\t\t\t\t<\/div>\n\t\t\t\t<\/div>\n\t\t\t\t<\/div>\n\t\t","protected":false},"excerpt":{"rendered":"<p>KONKURRENCA<\/p>\n","protected":false},"author":1,"featured_media":0,"parent":0,"menu_order":0,"comment_status":"closed","ping_status":"closed","template":"elementor_header_footer","meta":{"footnotes":""},"class_list":["post-2657","page","type-page","status-publish","hentry"],"_links":{"self":[{"href":"https:\/\/usdailynews.net\/index.php?rest_route=\/wp\/v2\/pages\/2657","targetHints":{"allow":["GET"]}}],"collection":[{"href":"https:\/\/usdailynews.net\/index.php?rest_route=\/wp\/v2\/pages"}],"about":[{"href":"https:\/\/usdailynews.net\/index.php?rest_route=\/wp\/v2\/types\/page"}],"author":[{"embeddable":true,"href":"https:\/\/usdailynews.net\/index.php?rest_route=\/wp\/v2\/users\/1"}],"replies":[{"embeddable":true,"href":"https:\/\/usdailynews.net\/index.php?rest_route=%2Fwp%2Fv2%2Fcomments&post=2657"}],"version-history":[{"count":51,"href":"https:\/\/usdailynews.net\/index.php?rest_route=\/wp\/v2\/pages\/2657\/revisions"}],"predecessor-version":[{"id":3708,"href":"https:\/\/usdailynews.net\/index.php?rest_route=\/wp\/v2\/pages\/2657\/revisions\/3708"}],"wp:attachment":[{"href":"https:\/\/usdailynews.net\/index.php?rest_route=%2Fwp%2Fv2%2Fmedia&parent=2657"}],"curies":[{"name":"wp","href":"https:\/\/api.w.org\/{rel}","templated":true}]}}